{"id":355,"date":"2019-04-03T08:51:02","date_gmt":"2019-04-03T08:51:02","guid":{"rendered":"http:\/\/www.zach-partners.com\/?page_id=355"},"modified":"2019-06-23T03:50:05","modified_gmt":"2019-06-23T03:50:05","slug":"accueil","status":"publish","type":"page","link":"https:\/\/www.zach-partners.com\/en\/","title":{"rendered":"Accueil"},"content":{"rendered":"","protected":false},"excerpt":{"rendered":"","protected":false},"author":1,"featured_media":0,"parent":0,"menu_order":0,"comment_status":"closed","ping_status":"closed","template":"page-templates\/home_page.php","meta":{"footnotes":""},"class_list":["post-355","page","type-page","status-publish","hentry"],"yoast_head":"<!-- This site is optimized with the Yoast SEO plugin v26.0 - https:\/\/yoast.com\/wordpress\/plugins\/seo\/ -->\n<title>Accueil &#8212; Zach Partners<\/title>\n<meta name=\"description\" content=\"ZACH Partners est un cabinet de conseil en ing\u00e9nierie financi\u00e8re et sociale des risques assurables et du bien-\u00eatre en Afrique.\" \/>\n<meta name=\"robots\" content=\"index, follow, max-snippet:-1, max-image-preview:large, max-video-preview:-1\" \/>\n<link rel=\"canonical\" href=\"http:\/\/www.zach-partners.com\/en\/\" \/>\n<meta property=\"og:locale\" content=\"en_US\" \/>\n<meta property=\"og:type\" content=\"article\" \/>\n<meta property=\"og:title\" content=\"Accueil &#8212; Zach Partners\" \/>\n<meta property=\"og:description\" content=\"ZACH Partners est un cabinet de conseil en ing\u00e9nierie financi\u00e8re et sociale des risques assurables et du bien-\u00eatre en Afrique.\" \/>\n<meta property=\"og:url\" content=\"http:\/\/www.zach-partners.com\/en\/\" \/>\n<meta property=\"og:site_name\" content=\"Zach Partners\" \/>\n<meta property=\"article:modified_time\" content=\"2019-06-23T03:50:05+00:00\" \/>\n<meta name=\"twitter:card\" content=\"summary_large_image\" \/>\n<script type=\"application\/ld+json\" class=\"yoast-schema-graph\">{\"@context\":\"https:\/\/schema.org\",\"@graph\":[{\"@type\":\"WebPage\",\"@id\":\"http:\/\/www.zach-partners.com\/\",\"url\":\"http:\/\/www.zach-partners.com\/\",\"name\":\"Accueil &#8212; Zach Partners\",\"isPartOf\":{\"@id\":\"http:\/\/www.zach-partners.com\/#website\"},\"datePublished\":\"2019-04-03T08:51:02+00:00\",\"dateModified\":\"2019-06-23T03:50:05+00:00\",\"description\":\"ZACH Partners est un cabinet de conseil en ing\u00e9nierie financi\u00e8re et sociale des risques assurables et du bien-\u00eatre en Afrique.\",\"breadcrumb\":{\"@id\":\"http:\/\/www.zach-partners.com\/#breadcrumb\"},\"inLanguage\":\"en-US\",\"potentialAction\":[{\"@type\":\"ReadAction\",\"target\":[\"http:\/\/www.zach-partners.com\/\"]}]},{\"@type\":\"BreadcrumbList\",\"@id\":\"http:\/\/www.zach-partners.com\/#breadcrumb\",\"itemListElement\":[{\"@type\":\"ListItem\",\"position\":1,\"name\":\"Accueil\",\"item\":\"http:\/\/www.zach-partners.com\/\"},{\"@type\":\"ListItem\",\"position\":2,\"name\":\"Accueil\"}]},{\"@type\":\"WebSite\",\"@id\":\"http:\/\/www.zach-partners.com\/#website\",\"url\":\"http:\/\/www.zach-partners.com\/\",\"name\":\"Zach Partners\",\"description\":\"Risques Assurables : Strat\u00e9gie, Conseil, Gestion\",\"publisher\":{\"@id\":\"http:\/\/www.zach-partners.com\/#organization\"},\"potentialAction\":[{\"@type\":\"SearchAction\",\"target\":{\"@type\":\"EntryPoint\",\"urlTemplate\":\"http:\/\/www.zach-partners.com\/?s={search_term_string}\"},\"query-input\":{\"@type\":\"PropertyValueSpecification\",\"valueRequired\":true,\"valueName\":\"search_term_string\"}}],\"inLanguage\":\"en-US\"},{\"@type\":\"Organization\",\"@id\":\"http:\/\/www.zach-partners.com\/#organization\",\"name\":\"ZACH Partners\",\"url\":\"http:\/\/www.zach-partners.com\/\",\"logo\":{\"@type\":\"ImageObject\",\"inLanguage\":\"en-US\",\"@id\":\"http:\/\/www.zach-partners.com\/#\/schema\/logo\/image\/\",\"url\":\"https:\/\/www.zach-partners.com\/wp-content\/uploads\/2019\/02\/logo.png\",\"contentUrl\":\"https:\/\/www.zach-partners.com\/wp-content\/uploads\/2019\/02\/logo.png\",\"width\":3508,\"height\":2481,\"caption\":\"ZACH Partners\"},\"image\":{\"@id\":\"http:\/\/www.zach-partners.com\/#\/schema\/logo\/image\/\"},\"sameAs\":[\"https:\/\/www.linkedin.com\/company\/zach-partners\"]}]}<\/script>\n<!-- \/ Yoast SEO plugin. -->","yoast_head_json":{"title":"Accueil &#8212; Zach Partners","description":"ZACH Partners is a consulting firm specialized in financial &amp; social engineering for insurable risk and social welfare in Africa.","robots":{"index":"index","follow":"follow","max-snippet":"max-snippet:-1","max-image-preview":"max-image-preview:large","max-video-preview":"max-video-preview:-1"},"canonical":"http:\/\/www.zach-partners.com\/en\/","og_locale":"en_US","og_type":"article","og_title":"Accueil &#8212; Zach Partners","og_description":"ZACH Partners est un cabinet de conseil en ing\u00e9nierie financi\u00e8re et sociale des risques assurables et du bien-\u00eatre en Afrique.","og_url":"http:\/\/www.zach-partners.com\/en\/","og_site_name":"Zach Partners","article_modified_time":"2019-06-23T03:50:05+00:00","twitter_card":"summary_large_image","schema":{"@context":"https:\/\/schema.org","@graph":[{"@type":"WebPage","@id":"http:\/\/www.zach-partners.com\/","url":"http:\/\/www.zach-partners.com\/","name":"Accueil &#8212; Zach Partners","isPartOf":{"@id":"http:\/\/www.zach-partners.com\/#website"},"datePublished":"2019-04-03T08:51:02+00:00","dateModified":"2019-06-23T03:50:05+00:00","description":"ZACH Partners is a consulting firm specialized in financial &amp; social engineering for insurable risk and social welfare in Africa.","breadcrumb":{"@id":"http:\/\/www.zach-partners.com\/#breadcrumb"},"inLanguage":"en-US","potentialAction":[{"@type":"ReadAction","target":["http:\/\/www.zach-partners.com\/"]}]},{"@type":"BreadcrumbList","@id":"http:\/\/www.zach-partners.com\/#breadcrumb","itemListElement":[{"@type":"ListItem","position":1,"name":"Accueil","item":"http:\/\/www.zach-partners.com\/"},{"@type":"ListItem","position":2,"name":"Accueil"}]},{"@type":"WebSite","@id":"http:\/\/www.zach-partners.com\/#website","url":"http:\/\/www.zach-partners.com\/","name":"Zach Partners","description":"Risques Assurables : Strat\u00e9gie, Conseil, Gestion","publisher":{"@id":"http:\/\/www.zach-partners.com\/#organization"},"potentialAction":[{"@type":"SearchAction","target":{"@type":"EntryPoint","urlTemplate":"http:\/\/www.zach-partners.com\/?s={search_term_string}"},"query-input":{"@type":"PropertyValueSpecification","valueRequired":true,"valueName":"search_term_string"}}],"inLanguage":"en-US"},{"@type":"Organization","@id":"http:\/\/www.zach-partners.com\/#organization","name":"ZACH Partners","url":"http:\/\/www.zach-partners.com\/","logo":{"@type":"ImageObject","inLanguage":"en-US","@id":"http:\/\/www.zach-partners.com\/#\/schema\/logo\/image\/","url":"https:\/\/www.zach-partners.com\/wp-content\/uploads\/2019\/02\/logo.png","contentUrl":"https:\/\/www.zach-partners.com\/wp-content\/uploads\/2019\/02\/logo.png","width":3508,"height":2481,"caption":"ZACH Partners"},"image":{"@id":"http:\/\/www.zach-partners.com\/#\/schema\/logo\/image\/"},"sameAs":["https:\/\/www.linkedin.com\/company\/zach-partners"]}]}},"_links":{"self":[{"href":"https:\/\/www.zach-partners.com\/en\/wp-json\/wp\/v2\/pages\/355","targetHints":{"allow":["GET"]}}],"collection":[{"href":"https:\/\/www.zach-partners.com\/en\/wp-json\/wp\/v2\/pages"}],"about":[{"href":"https:\/\/www.zach-partners.com\/en\/wp-json\/wp\/v2\/types\/page"}],"author":[{"embeddable":true,"href":"https:\/\/www.zach-partners.com\/en\/wp-json\/wp\/v2\/users\/1"}],"replies":[{"embeddable":true,"href":"https:\/\/www.zach-partners.com\/en\/wp-json\/wp\/v2\/comments?post=355"}],"version-history":[{"count":1,"href":"https:\/\/www.zach-partners.com\/en\/wp-json\/wp\/v2\/pages\/355\/revisions"}],"predecessor-version":[{"id":356,"href":"https:\/\/www.zach-partners.com\/en\/wp-json\/wp\/v2\/pages\/355\/revisions\/356"}],"wp:attachment":[{"href":"https:\/\/www.zach-partners.com\/en\/wp-json\/wp\/v2\/media?parent=355"}],"curies":[{"name":"wp","href":"https:\/\/api.w.org\/{rel}","templated":true}]}}